{"id":3205,"date":"2025-04-03T14:39:11","date_gmt":"2025-04-03T12:39:11","guid":{"rendered":"https:\/\/erkelapartman.hu\/?page_id=3205"},"modified":"2025-04-09T12:23:14","modified_gmt":"2025-04-09T10:23:14","slug":"latnivalok","status":"publish","type":"page","link":"https:\/\/erkelapartman.hu\/en\/latnivalok\/","title":{"rendered":"Attractions"},"content":{"rendered":"<div data-elementor-type=\"wp-page\" data-elementor-id=\"3205\" class=\"elementor elementor-3205\">\n\t\t\t\t<div class=\"elementor-element elementor-element-afd2b6d e-flex e-con-boxed elementor-invisible e-con e-parent\" data-id=\"afd2b6d\" data-element_type=\"container\" data-settings=\"{&quot;background_background&quot;:&quot;classic&quot;,&quot;animation&quot;:&quot;zoomIn&quot;}\">\n\t\t\t\t\t<div class=\"e-con-inner\">\n\t\t<div class=\"elementor-element elementor-element-efab10d e-con-full e-flex e-con e-child\" data-id=\"efab10d\" data-element_type=\"container\">\n\t\t\t\t<div class=\"elementor-element elementor-element-c7c97b0 elementor-absolute elementor-widget__width-inherit elementor-widget elementor-widget-heading\" data-id=\"c7c97b0\" data-element_type=\"widget\" data-settings=\"{&quot;_position&quot;:&quot;absolute&quot;}\" data-widget_type=\"heading.default\">\n\t\t\t\t<div class=\"elementor-widget-container\">\n\t\t\t\t\t<h1 class=\"elementor-heading-title elementor-size-default\">Attractions<\/h1>\t\t\t\t<\/div>\n\t\t\t\t<\/div>\n\t\t\t\t<\/div>\n\t\t\t\t\t<\/div>\n\t\t\t\t<\/div>\n\t\t<div class=\"elementor-element elementor-element-0490257 e-flex e-con-boxed e-con e-parent\" data-id=\"0490257\" data-element_type=\"container\">\n\t\t\t\t\t<div class=\"e-con-inner\">\n\t\t<div class=\"elementor-element elementor-element-00513c0 e-con-full e-flex e-con e-child\" data-id=\"00513c0\" data-element_type=\"container\">\n\t\t\t\t<div class=\"elementor-element elementor-element-c27de36 elementor-widget elementor-widget-heading\" data-id=\"c27de36\" data-element_type=\"widget\" data-widget_type=\"heading.default\">\n\t\t\t\t<div class=\"elementor-widget-container\">\n\t\t\t\t\t<h3 class=\"elementor-heading-title elementor-size-default\">Cultural programs<\/h3>\t\t\t\t<\/div>\n\t\t\t\t<\/div>\n\t\t\t\t<div class=\"elementor-element elementor-element-c3bcc7b elementor-widget elementor-widget-text-editor\" data-id=\"c3bcc7b\" data-element_type=\"widget\" data-widget_type=\"text-editor.default\">\n\t\t\t\t<div class=\"elementor-widget-container\">\n\t\t\t\t\t\t\t\t\t<p class=\"translation-block\">For those looking for cultural experiences, we can recommend the  Bart\u00f3k  Theater,  Kultik Cinema  and the  Intercisa Museum . All of them are within a pleasant walk from our apartment.<\/p><p><span style=\"color: #454f5e; text-align: justify; background-color: var(--ast-global-color-5); font-family: var( --e-global-typography-text-font-family ), Sans-serif; font-size: 1rem; font-weight: var( --e-global-typography-text-font-weight );\">\u00a0<\/span><\/p><p><span style=\"color: #454f5e; text-align: justify; background-color: var(--ast-global-color-5); font-family: var( --e-global-typography-text-font-family ), Sans-serif; font-size: 1rem; font-weight: var( --e-global-typography-text-font-weight );\">\u00a0<\/span><\/p><p><span style=\"color: #454f5e; text-align: justify; background-color: var(--ast-global-color-5); font-family: var( --e-global-typography-text-font-family ), Sans-serif; font-size: 1rem; font-weight: var( --e-global-typography-text-font-weight );\">\u00a0<\/span><\/p><p><span style=\"color: #454f5e; text-align: justify; background-color: var(--ast-global-color-5); font-family: var( --e-global-typography-text-font-family ), Sans-serif; font-size: 1rem; font-weight: var( --e-global-typography-text-font-weight );\">\u00a0<\/span><\/p>\t\t\t\t\t\t\t\t<\/div>\n\t\t\t\t<\/div>\n\t\t\t\t<\/div>\n\t\t<div class=\"elementor-element elementor-element-06c67da e-con-full e-flex e-con e-child\" data-id=\"06c67da\" data-element_type=\"container\">\n\t\t\t\t<div class=\"elementor-element elementor-element-8c755bb elementor-widget elementor-widget-image\" data-id=\"8c755bb\" data-element_type=\"widget\" data-widget_type=\"image.default\">\n\t\t\t\t<div class=\"elementor-widget-container\">\n\t\t\t\t\t\t\t\t\t\t\t\t\t\t\t<img alt=\"\" fetchpriority=\"high\" decoding=\"async\" width=\"1024\" height=\"577\" src=\"https:\/\/erkelapartman.hu\/wp-content\/uploads\/2025\/04\/20250405_153930-1024x577.jpg\" class=\"elementor-animation-grow attachment-large size-large wp-image-3389\" srcset=\"https:\/\/erkelapartman.hu\/wp-content\/uploads\/2025\/04\/20250405_153930-1024x577.jpg 1024w, https:\/\/erkelapartman.hu\/wp-content\/uploads\/2025\/04\/20250405_153930-300x169.jpg 300w, https:\/\/erkelapartman.hu\/wp-content\/uploads\/2025\/04\/20250405_153930-768x432.jpg 768w, https:\/\/erkelapartman.hu\/wp-content\/uploads\/2025\/04\/20250405_153930-1536x865.jpg 1536w, https:\/\/erkelapartman.hu\/wp-content\/uploads\/2025\/04\/20250405_153930-2048x1153.jpg 2048w\" sizes=\"(max-width: 1024px) 100vw, 1024px\" \/>\t\t\t\t\t\t\t\t\t\t\t\t\t\t\t<\/div>\n\t\t\t\t<\/div>\n\t\t\t\t<\/div>\n\t\t\t\t\t<\/div>\n\t\t\t\t<\/div>\n\t\t<div class=\"elementor-element elementor-element-326cfbb e-flex e-con-boxed e-con e-parent\" data-id=\"326cfbb\" data-element_type=\"container\">\n\t\t\t\t\t<div class=\"e-con-inner\">\n\t\t<div class=\"elementor-element elementor-element-e0d4751 e-con-full e-flex e-con e-child\" data-id=\"e0d4751\" data-element_type=\"container\">\n\t\t\t\t<div class=\"elementor-element elementor-element-af6a9ef elementor-widget elementor-widget-image\" data-id=\"af6a9ef\" data-element_type=\"widget\" data-widget_type=\"image.default\">\n\t\t\t\t<div class=\"elementor-widget-container\">\n\t\t\t\t\t\t\t\t\t\t\t\t\t\t\t<img alt=\"\" decoding=\"async\" width=\"1024\" height=\"577\" src=\"https:\/\/erkelapartman.hu\/wp-content\/uploads\/2025\/04\/20250405_163358-1024x577.jpg\" class=\"elementor-animation-grow attachment-large size-large wp-image-3390\" srcset=\"https:\/\/erkelapartman.hu\/wp-content\/uploads\/2025\/04\/20250405_163358-1024x577.jpg 1024w, https:\/\/erkelapartman.hu\/wp-content\/uploads\/2025\/04\/20250405_163358-300x169.jpg 300w, https:\/\/erkelapartman.hu\/wp-content\/uploads\/2025\/04\/20250405_163358-768x432.jpg 768w, https:\/\/erkelapartman.hu\/wp-content\/uploads\/2025\/04\/20250405_163358-1536x865.jpg 1536w, https:\/\/erkelapartman.hu\/wp-content\/uploads\/2025\/04\/20250405_163358-2048x1153.jpg 2048w\" sizes=\"(max-width: 1024px) 100vw, 1024px\" \/>\t\t\t\t\t\t\t\t\t\t\t\t\t\t\t<\/div>\n\t\t\t\t<\/div>\n\t\t\t\t<\/div>\n\t\t<div class=\"elementor-element elementor-element-e9b8094 e-con-full e-flex e-con e-child\" data-id=\"e9b8094\" data-element_type=\"container\">\n\t\t\t\t<div class=\"elementor-element elementor-element-e5b5801 elementor-widget elementor-widget-heading\" data-id=\"e5b5801\" data-element_type=\"widget\" data-widget_type=\"heading.default\">\n\t\t\t\t<div class=\"elementor-widget-container\">\n\t\t\t\t\t<h3 class=\"elementor-heading-title elementor-size-default\">Leisure<\/h3>\t\t\t\t<\/div>\n\t\t\t\t<\/div>\n\t\t\t\t<div class=\"elementor-element elementor-element-5563b06 elementor-widget elementor-widget-text-editor\" data-id=\"5563b06\" data-element_type=\"widget\" data-widget_type=\"text-editor.default\">\n\t\t\t\t<div class=\"elementor-widget-container\">\n\t\t\t\t\t\t\t\t\t<p class=\"translation-block\">Our city offers  many opportunities for those who like  active recreation. In the Aquantis Wellness, you can cool off pleasantly in the summer. For our guests arriving with children, the Arboretum on Baracsi \u00fat with its petting zoo  is ideal. On the  free beach on Szalki Island  , you can fish, cook and swim in the summer. Groups of friends can test themselves on the  SER-Ring  go-kart track, which is located 30 km from our city, in Sereg\u00e9lyes.<\/p><p><span style=\"font-size: 1rem; font-style: inherit; font-weight: var( --e-global-typography-text-font-weight ); font-family: var( --e-global-typography-text-font-family ), Sans-serif; color: #454f5e; background-color: var(--ast-global-color-5);\">\u00a0<\/span><\/p><p><span style=\"font-size: 1rem; font-style: inherit; font-weight: var( --e-global-typography-text-font-weight ); font-family: var( --e-global-typography-text-font-family ), Sans-serif; color: #454f5e; background-color: var(--ast-global-color-5);\">\u00a0<\/span><\/p><p><i>\u00a0 \u00a0 \u00a0 \u00a0 \u00a0 \u00a0 \u00a0 \u00a0 \u00a0 \u00a0 \u00a0 \u00a0 \u00a0 \u00a0 \u00a0 \u00a0 \u00a0 \u00a0 \u00a0 \u00a0 \u00a0 \u00a0 \u00a0 \u00a0 \u00a0 \u00a0 \u00a0 \u00a0 \u00a0 \u00a0 \u00a0 \u00a0 \u00a0 \u00a0 \u00a0 \u00a0 \u00a0 \u00a0 \u00a0 \u00a0 \u00a0 \u00a0 \u00a0 \u00a0 \u00a0 \u00a0 \u00a0 \u00a0 \u00a0 \u00a0 \u00a0 \u00a0\u00a0<\/i><\/p>\t\t\t\t\t\t\t\t<\/div>\n\t\t\t\t<\/div>\n\t\t\t\t<\/div>\n\t\t\t\t\t<\/div>\n\t\t\t\t<\/div>\n\t\t<div class=\"elementor-element elementor-element-54bafb4 e-flex e-con-boxed e-con e-parent\" data-id=\"54bafb4\" data-element_type=\"container\">\n\t\t\t\t\t<div class=\"e-con-inner\">\n\t\t<div class=\"elementor-element elementor-element-2f523bf e-con-full e-flex e-con e-child\" data-id=\"2f523bf\" data-element_type=\"container\">\n\t\t\t\t<div class=\"elementor-element elementor-element-0819f87 elementor-widget elementor-widget-heading\" data-id=\"0819f87\" data-element_type=\"widget\" data-widget_type=\"heading.default\">\n\t\t\t\t<div class=\"elementor-widget-container\">\n\t\t\t\t\t<h3 class=\"elementor-heading-title elementor-size-default\">Festivals<\/h3>\t\t\t\t<\/div>\n\t\t\t\t<\/div>\n\t\t\t\t<div class=\"elementor-element elementor-element-fa4ba42 elementor-widget elementor-widget-text-editor\" data-id=\"fa4ba42\" data-element_type=\"widget\" data-widget_type=\"text-editor.default\">\n\t\t\t\t<div class=\"elementor-widget-container\">\n\t\t\t\t\t\t\t\t\t<p class=\"translation-block\">Those looking to party can attend the  Ambrosia Festival  or the   Rockmaraton Festival in the summer .<\/p>\n<p class=\"translation-block\">The Pumpkin Festival is held in R\u00e1calm\u00e1s in the fall , a great family program where visitors can see performances by excellent bands and taste delicious food and drinks from international gastronomy.<\/p>\n<p>There will also be a Powerboat World Championship this year.<\/p>\n<p><br><\/p>\t\t\t\t\t\t\t\t<\/div>\n\t\t\t\t<\/div>\n\t\t\t\t<\/div>\n\t\t<div class=\"elementor-element elementor-element-83130c7 e-con-full e-flex e-con e-child\" data-id=\"83130c7\" data-element_type=\"container\">\n\t\t\t\t<div class=\"elementor-element elementor-element-52a6871 elementor-widget elementor-widget-image\" data-id=\"52a6871\" data-element_type=\"widget\" data-widget_type=\"image.default\">\n\t\t\t\t<div class=\"elementor-widget-container\">\n\t\t\t\t\t\t\t\t\t\t\t\t\t\t\t<img alt=\"\" decoding=\"async\" width=\"800\" height=\"600\" src=\"https:\/\/erkelapartman.hu\/wp-content\/uploads\/2025\/04\/kITEXI6390-800x600-1.jpg\" class=\"elementor-animation-grow attachment-large size-large wp-image-3365\" srcset=\"https:\/\/erkelapartman.hu\/wp-content\/uploads\/2025\/04\/kITEXI6390-800x600-1.jpg 800w, https:\/\/erkelapartman.hu\/wp-content\/uploads\/2025\/04\/kITEXI6390-800x600-1-300x225.jpg 300w, https:\/\/erkelapartman.hu\/wp-content\/uploads\/2025\/04\/kITEXI6390-800x600-1-768x576.jpg 768w\" sizes=\"(max-width: 800px) 100vw, 800px\" \/>\t\t\t\t\t\t\t\t\t\t\t\t\t\t\t<\/div>\n\t\t\t\t<\/div>\n\t\t\t\t<div class=\"elementor-element elementor-element-1d1da2e elementor-widget elementor-widget-text-editor\" data-id=\"1d1da2e\" data-element_type=\"widget\" data-widget_type=\"text-editor.default\">\n\t\t\t\t<div class=\"elementor-widget-container\">\n\t\t\t\t\t\t\t\t\t<p><i style=\"text-align: justify;\">Photo: ambroziafesztival.hu<\/i><\/p>\t\t\t\t\t\t\t\t<\/div>\n\t\t\t\t<\/div>\n\t\t\t\t<\/div>\n\t\t\t\t\t<\/div>\n\t\t\t\t<\/div>\n\t\t<div class=\"elementor-element elementor-element-c7f77a4 e-flex e-con-boxed e-con e-parent\" data-id=\"c7f77a4\" data-element_type=\"container\">\n\t\t\t\t\t<div class=\"e-con-inner\">\n\t\t\t\t<div class=\"elementor-element elementor-element-0b9d38b elementor-widget elementor-widget-heading\" data-id=\"0b9d38b\" data-element_type=\"widget\" data-widget_type=\"heading.default\">\n\t\t\t\t<div class=\"elementor-widget-container\">\n\t\t\t\t\t<h3 class=\"elementor-heading-title elementor-size-default\">Local attractions<\/h3>\t\t\t\t<\/div>\n\t\t\t\t<\/div>\n\t\t\t\t\t<\/div>\n\t\t\t\t<\/div>\n\t\t<div class=\"elementor-element elementor-element-b2df199 e-flex e-con-boxed e-con e-parent\" data-id=\"b2df199\" data-element_type=\"container\" data-settings=\"{&quot;background_background&quot;:&quot;gradient&quot;}\">\n\t\t\t\t\t<div class=\"e-con-inner\">\n\t\t<div class=\"elementor-element elementor-element-5c8796f e-con-full e-flex e-con e-child\" data-id=\"5c8796f\" data-element_type=\"container\">\n\t\t\t\t<div class=\"elementor-element elementor-element-82c71a5 elementor-widget elementor-widget-heading\" data-id=\"82c71a5\" data-element_type=\"widget\" data-widget_type=\"heading.default\">\n\t\t\t\t<div class=\"elementor-widget-container\">\n\t\t\t\t\t<h4 class=\"elementor-heading-title elementor-size-default\">Muki train<\/h4>\t\t\t\t<\/div>\n\t\t\t\t<\/div>\n\t\t\t\t<div class=\"elementor-element elementor-element-54e3982 elementor-widget elementor-widget-image\" data-id=\"54e3982\" data-element_type=\"widget\" data-widget_type=\"image.default\">\n\t\t\t\t<div class=\"elementor-widget-container\">\n\t\t\t\t\t\t\t\t\t\t\t\t\t\t\t<img alt=\"\" loading=\"lazy\" decoding=\"async\" width=\"1024\" height=\"577\" src=\"https:\/\/erkelapartman.hu\/wp-content\/uploads\/2025\/04\/20250405_154231-1024x577.jpg\" class=\"attachment-large size-large wp-image-3394\" srcset=\"https:\/\/erkelapartman.hu\/wp-content\/uploads\/2025\/04\/20250405_154231-1024x577.jpg 1024w, https:\/\/erkelapartman.hu\/wp-content\/uploads\/2025\/04\/20250405_154231-300x169.jpg 300w, https:\/\/erkelapartman.hu\/wp-content\/uploads\/2025\/04\/20250405_154231-768x432.jpg 768w, https:\/\/erkelapartman.hu\/wp-content\/uploads\/2025\/04\/20250405_154231-1536x865.jpg 1536w, https:\/\/erkelapartman.hu\/wp-content\/uploads\/2025\/04\/20250405_154231-2048x1153.jpg 2048w\" sizes=\"(max-width: 1024px) 100vw, 1024px\" \/>\t\t\t\t\t\t\t\t\t\t\t\t\t\t\t<\/div>\n\t\t\t\t<\/div>\n\t\t\t\t<\/div>\n\t\t<div class=\"elementor-element elementor-element-3bb06ba e-con-full e-flex e-con e-child\" data-id=\"3bb06ba\" data-element_type=\"container\">\n\t\t\t\t<div class=\"elementor-element elementor-element-d04d405 elementor-widget elementor-widget-heading\" data-id=\"d04d405\" data-element_type=\"widget\" data-widget_type=\"heading.default\">\n\t\t\t\t<div class=\"elementor-widget-container\">\n\t\t\t\t\t<h4 class=\"elementor-heading-title elementor-size-default\">Lookout<\/h4>\t\t\t\t<\/div>\n\t\t\t\t<\/div>\n\t\t\t\t<div class=\"elementor-element elementor-element-54361ea elementor-widget elementor-widget-image\" data-id=\"54361ea\" data-element_type=\"widget\" data-widget_type=\"image.default\">\n\t\t\t\t<div class=\"elementor-widget-container\">\n\t\t\t\t\t\t\t\t\t\t\t\t\t\t\t<img alt=\"\" loading=\"lazy\" decoding=\"async\" width=\"1024\" height=\"577\" src=\"https:\/\/erkelapartman.hu\/wp-content\/uploads\/2025\/04\/20250405_155522-1024x577.jpg\" class=\"attachment-large size-large wp-image-3398\" srcset=\"https:\/\/erkelapartman.hu\/wp-content\/uploads\/2025\/04\/20250405_155522-1024x577.jpg 1024w, https:\/\/erkelapartman.hu\/wp-content\/uploads\/2025\/04\/20250405_155522-300x169.jpg 300w, https:\/\/erkelapartman.hu\/wp-content\/uploads\/2025\/04\/20250405_155522-768x432.jpg 768w, https:\/\/erkelapartman.hu\/wp-content\/uploads\/2025\/04\/20250405_155522-1536x865.jpg 1536w, https:\/\/erkelapartman.hu\/wp-content\/uploads\/2025\/04\/20250405_155522-2048x1153.jpg 2048w\" sizes=\"(max-width: 1024px) 100vw, 1024px\" \/>\t\t\t\t\t\t\t\t\t\t\t\t\t\t\t<\/div>\n\t\t\t\t<\/div>\n\t\t\t\t<\/div>\n\t\t<div class=\"elementor-element elementor-element-acf5299 e-con-full e-flex e-con e-child\" data-id=\"acf5299\" data-element_type=\"container\">\n\t\t\t\t<div class=\"elementor-element elementor-element-78e1e91 elementor-widget elementor-widget-heading\" data-id=\"78e1e91\" data-element_type=\"widget\" data-widget_type=\"heading.default\">\n\t\t\t\t<div class=\"elementor-widget-container\">\n\t\t\t\t\t<h4 class=\"elementor-heading-title elementor-size-default\">Sculpture park<\/h4>\t\t\t\t<\/div>\n\t\t\t\t<\/div>\n\t\t\t\t<div class=\"elementor-element elementor-element-e9fb6cd elementor-widget elementor-widget-image\" data-id=\"e9fb6cd\" data-element_type=\"widget\" data-widget_type=\"image.default\">\n\t\t\t\t<div class=\"elementor-widget-container\">\n\t\t\t\t\t\t\t\t\t\t\t\t\t\t\t<img alt=\"\" loading=\"lazy\" decoding=\"async\" width=\"1024\" height=\"577\" src=\"https:\/\/erkelapartman.hu\/wp-content\/uploads\/2025\/04\/20250405_155045-1024x577.jpg\" class=\"attachment-large size-large wp-image-3402\" srcset=\"https:\/\/erkelapartman.hu\/wp-content\/uploads\/2025\/04\/20250405_155045-1024x577.jpg 1024w, https:\/\/erkelapartman.hu\/wp-content\/uploads\/2025\/04\/20250405_155045-300x169.jpg 300w, https:\/\/erkelapartman.hu\/wp-content\/uploads\/2025\/04\/20250405_155045-768x432.jpg 768w, https:\/\/erkelapartman.hu\/wp-content\/uploads\/2025\/04\/20250405_155045-1536x865.jpg 1536w, https:\/\/erkelapartman.hu\/wp-content\/uploads\/2025\/04\/20250405_155045-2048x1153.jpg 2048w\" sizes=\"(max-width: 1024px) 100vw, 1024px\" \/>\t\t\t\t\t\t\t\t\t\t\t\t\t\t\t<\/div>\n\t\t\t\t<\/div>\n\t\t\t\t<\/div>\n\t\t\t\t\t<\/div>\n\t\t\t\t<\/div>\n\t\t\t\t<\/div>","protected":false},"excerpt":{"rendered":"<p>L\u00e1tnival\u00f3k Kult\u00far\u00e1lis programok Akik kult\u00far\u00e1lis \u00e9lm\u00e9nyekre v\u00e1gynak, azoknak tudjuk aj\u00e1nlani a\u00a0Bart\u00f3k\u00a0Kamarasz\u00ednh\u00e1zat,\u00a0Kultik Mozit\u00a0\u00e9s az\u00a0Intercisa M\u00fazeumot. Apartmanunkt\u00f3l kellemes s\u00e9t\u00e1val midegyik el\u00e9rhet\u0151. \u00a0 \u00a0 \u00a0 \u00a0 Szabadid\u0151 V\u00e1rosunkban sz\u00e1mos lehet\u0151s\u00e9g k\u00edn\u00e1lkozik az\u00a0\u00a0akt\u00edv kikapcsol\u00f3d\u00e1st kedvel\u0151k sz\u00e1m\u00e1ra. Az Aquantis Wellness- \u00e9s gy\u00f3gy\u00e1szati K\u00f6zpontban\u00a0ny\u00e1ron kellemesen h\u0171s\u00f6lhetnek. Gyerekkel \u00e9rkez\u0151 vend\u00e9geink sz\u00e1m\u00e1ra ide\u00e1lis lehet az ingyenesen l\u00e1togathat\u00f3 Baracsi \u00fati Arbor\u00e9tum\u00a0\u00e1llatsimogat\u00f3val. A\u00a0Szalki-szigeten\u00a0tal\u00e1lhat\u00f3 szabadstrandon horg\u00e1szni, [&hellip;]<\/p>","protected":false},"author":1,"featured_media":3687,"parent":0,"menu_order":0,"comment_status":"closed","ping_status":"closed","template":"","meta":{"_seopress_robots_primary_cat":"","_seopress_titles_title":"L\u00e1tnival\u00f3k | Erkel Apartman | Duna\u00fajv\u00e1ros","_seopress_titles_desc":"Modern, f\u00f6ldszinti apartmanunk Duna\u00fajv\u00e1ros k\u00f6zpontj\u00e1ban v\u00e1rja vend\u00e9geinket.","_seopress_robots_index":"","site-sidebar-layout":"no-sidebar","site-content-layout":"page-builder","ast-site-content-layout":"full-width-container","site-content-style":"default","site-sidebar-style":"default","ast-global-header-display":"","ast-banner-title-visibility":"","ast-main-header-display":"","ast-hfb-above-header-display":"","ast-hfb-below-header-display":"","ast-hfb-mobile-header-display":"","site-post-title":"disabled","ast-breadcrumbs-content":"","ast-featured-img":"disabled","footer-sml-layout":"","theme-transparent-header-meta":"","adv-header-id-meta":"","stick-header-meta":"","header-above-stick-meta":"","header-main-stick-meta":"","header-below-stick-meta":"","astra-migrate-meta-layouts":"set","ast-page-background-enabled":"default","ast-page-background-meta":{"desktop":{"background-color":"var(--ast-global-color-4)","background-image":"","background-repeat":"repeat","background-position":"center center","background-size":"auto","background-attachment":"scroll","background-type":"","background-media":"","overlay-type":"","overlay-color":"","overlay-opacity":"","overlay-gradient":""},"tablet":{"background-color":"","background-image":"","background-repeat":"repeat","background-position":"center center","background-size":"auto","background-attachment":"scroll","background-type":"","background-media":"","overlay-type":"","overlay-color":"","overlay-opacity":"","overlay-gradient":""},"mobile":{"background-color":"","background-image":"","background-repeat":"repeat","background-position":"center center","background-size":"auto","background-attachment":"scroll","background-type":"","background-media":"","overlay-type":"","overlay-color":"","overlay-opacity":"","overlay-gradient":""}},"ast-content-background-meta":{"desktop":{"background-color":"var(--ast-global-color-5)","background-image":"","background-repeat":"repeat","background-position":"center center","background-size":"auto","background-attachment":"scroll","background-type":"","background-media":"","overlay-type":"","overlay-color":"","overlay-opacity":"","overlay-gradient":""},"tablet":{"background-color":"var(--ast-global-color-5)","background-image":"","background-repeat":"repeat","background-position":"center center","background-size":"auto","background-attachment":"scroll","background-type":"","background-media":"","overlay-type":"","overlay-color":"","overlay-opacity":"","overlay-gradient":""},"mobile":{"background-color":"var(--ast-global-color-5)","background-image":"","background-repeat":"repeat","background-position":"center center","background-size":"auto","background-attachment":"scroll","background-type":"","background-media":"","overlay-type":"","overlay-color":"","overlay-opacity":"","overlay-gradient":""}},"footnotes":""},"class_list":["post-3205","page","type-page","status-publish","has-post-thumbnail","hentry"],"_links":{"self":[{"href":"https:\/\/erkelapartman.hu\/en\/wp-json\/wp\/v2\/pages\/3205","targetHints":{"allow":["GET"]}}],"collection":[{"href":"https:\/\/erkelapartman.hu\/en\/wp-json\/wp\/v2\/pages"}],"about":[{"href":"https:\/\/erkelapartman.hu\/en\/wp-json\/wp\/v2\/types\/page"}],"author":[{"embeddable":true,"href":"https:\/\/erkelapartman.hu\/en\/wp-json\/wp\/v2\/users\/1"}],"replies":[{"embeddable":true,"href":"https:\/\/erkelapartman.hu\/en\/wp-json\/wp\/v2\/comments?post=3205"}],"version-history":[{"count":190,"href":"https:\/\/erkelapartman.hu\/en\/wp-json\/wp\/v2\/pages\/3205\/revisions"}],"predecessor-version":[{"id":3766,"href":"https:\/\/erkelapartman.hu\/en\/wp-json\/wp\/v2\/pages\/3205\/revisions\/3766"}],"wp:featuredmedia":[{"embeddable":true,"href":"https:\/\/erkelapartman.hu\/en\/wp-json\/wp\/v2\/media\/3687"}],"wp:attachment":[{"href":"https:\/\/erkelapartman.hu\/en\/wp-json\/wp\/v2\/media?parent=3205"}],"curies":[{"name":"wp","href":"https:\/\/api.w.org\/{rel}","templated":true}]}}