{"id":2326,"date":"2025-03-20T14:54:55","date_gmt":"2025-03-20T13:54:55","guid":{"rendered":"http:\/\/localhost\/erkelapartman\/?page_id=2326"},"modified":"2025-04-08T15:20:40","modified_gmt":"2025-04-08T13:20:40","slug":"impresszum","status":"publish","type":"page","link":"https:\/\/erkelapartman.hu\/en\/impresszum\/","title":{"rendered":"Impressum"},"content":{"rendered":"<div data-elementor-type=\"wp-page\" data-elementor-id=\"2326\" class=\"elementor elementor-2326\">\n\t\t\t\t<div class=\"elementor-element elementor-element-e7d78fe e-flex e-con-boxed elementor-invisible e-con e-parent\" data-id=\"e7d78fe\" data-element_type=\"container\" data-settings=\"{&quot;background_background&quot;:&quot;classic&quot;,&quot;animation&quot;:&quot;zoomIn&quot;}\">\n\t\t\t\t\t<div class=\"e-con-inner\">\n\t\t<div class=\"elementor-element elementor-element-75254d8 e-con-full e-flex e-con e-child\" data-id=\"75254d8\" data-element_type=\"container\">\n\t\t\t\t<div class=\"elementor-element elementor-element-22d3f96 elementor-absolute elementor-widget__width-inherit elementor-widget elementor-widget-heading\" data-id=\"22d3f96\" data-element_type=\"widget\" data-settings=\"{&quot;_position&quot;:&quot;absolute&quot;}\" data-widget_type=\"heading.default\">\n\t\t\t\t<div class=\"elementor-widget-container\">\n\t\t\t\t\t<h1 class=\"elementor-heading-title elementor-size-default\">Impressum<\/h1>\t\t\t\t<\/div>\n\t\t\t\t<\/div>\n\t\t\t\t<\/div>\n\t\t\t\t\t<\/div>\n\t\t\t\t<\/div>\n\t\t<div class=\"elementor-element elementor-element-d9b4cb7 e-flex e-con-boxed e-con e-parent\" data-id=\"d9b4cb7\" data-element_type=\"container\">\n\t\t\t\t\t<div class=\"e-con-inner\">\n\t\t\t\t\t<\/div>\n\t\t\t\t<\/div>\n\t\t<div class=\"elementor-element elementor-element-5122b5a e-flex e-con-boxed e-con e-parent\" data-id=\"5122b5a\" data-element_type=\"container\">\n\t\t\t\t\t<div class=\"e-con-inner\">\n\t\t\t\t<div class=\"elementor-element elementor-element-8acd790 elementor-widget elementor-widget-text-editor\" data-id=\"8acd790\" data-element_type=\"widget\" data-widget_type=\"text-editor.default\">\n\t\t\t\t<div class=\"elementor-widget-container\">\n\t\t\t\t\t\t\t\t\t<p><b>\u00dczemeltet\u0151 adatai<\/b><\/p>\n<p>Sz\u00e1ll\u00e1shely szolg\u00e1ltat\u00f3 neve:&nbsp; Hud\u00e1kn\u00e9 Dobi Adrienn<\/p>\n<p>Sz\u00e9khelye: 2400, Duna\u00fajv\u00e1ros, Venyimi \u00fat 12\/2<\/p>\n<p>Email c\u00edme: dadrienn87@gmail.com<\/p>\n<p>Ad\u00f3sz\u00e1ma:&nbsp;90721887-1-27<\/p><p><br><\/p>\n<p><b>Sz\u00e1ll\u00e1shely adatai<\/b><\/p>\n<p>Sz\u00e1ll\u00e1shely neve:&nbsp;&nbsp;Erkel apartman<\/p>\n<p>C\u00edme:&nbsp;2400, Duna\u00fajv\u00e1ros, Erkel kert 8. fszt.3.<\/p>\n<p>NTAK regisztr\u00e1ci\u00f3s sz\u00e1ma:&nbsp;MA25107317<\/p><p><br><\/p>\n<p><b>T\u00e1rhelyszolg\u00e1ltat\u00f3 adatai<\/b><\/p>\n<p>N\u00e9v: Elin.hu Informatikai Szolg\u00e1ltat\u00f3 \u00e9s&nbsp;<span style=\"text-align: var(--text-align); background-color: var(--ast-global-color-5); color: var( --e-global-color-secondary ); font-family: var( --e-global-typography-text-font-family ), Sans-serif; font-size: 1rem; font-weight: var( --e-global-typography-text-font-weight );\">Tan\u00e1csad\u00f3 Kft.<\/span><\/p>\n<p><span style=\"text-align: var(--text-align); background-color: var(--ast-global-color-5); color: var( --e-global-color-secondary ); font-family: var( --e-global-typography-text-font-family ), Sans-serif; font-size: 1rem; font-weight: var( --e-global-typography-text-font-weight );\">Sz\u00e9khely: 9024, Gy\u0151r, D\u00e9ry T. u. 11.<\/span><\/p>\n<p><span style=\"text-align: var(--text-align); background-color: var(--ast-global-color-5); color: var( --e-global-color-secondary ); font-family: var( --e-global-typography-text-font-family ), Sans-serif; font-size: 1rem; font-weight: var( --e-global-typography-text-font-weight );\">El\u00e9rhet\u0151s\u00e9g: +36 30 2222 444<\/span><\/p>\n<p><span style=\"text-align: var(--text-align); background-color: var(--ast-global-color-5); color: var( --e-global-color-secondary ); font-family: var( --e-global-typography-text-font-family ), Sans-serif; font-size: 1rem; font-weight: var( --e-global-typography-text-font-weight );\">Weboldal: elin.hu<\/span><\/p>\n<p><span style=\"text-align: var(--text-align); background-color: var(--ast-global-color-5); color: var( --e-global-color-secondary ); font-family: var( --e-global-typography-text-font-family ), Sans-serif; font-size: 1rem; font-weight: var( --e-global-typography-text-font-weight );\">&nbsp;<\/span><\/p>\n<p><span style=\"text-align: var(--text-align); background-color: var(--ast-global-color-5); color: var( --e-global-color-secondary ); font-family: var( --e-global-typography-text-font-family ), Sans-serif; font-size: 1rem; font-weight: var( --e-global-typography-text-font-weight );\">A weboldalt Hud\u00e1kn\u00e9 Dobi Adrienn k\u00e9sz<\/span><span style=\"color: #454f5e; text-align: justify; background-color: var(--ast-global-color-5); font-family: var( --e-global-typography-text-font-family ), Sans-serif; font-size: 1rem; font-weight: var( --e-global-typography-text-font-weight );\">\u00edtette.<\/span><\/p>\n<p><span style=\"text-align: var(--text-align); background-color: var(--ast-global-color-5); color: var( --e-global-color-secondary ); font-family: var( --e-global-typography-text-font-family ), Sans-serif; font-size: 1rem; font-weight: var( --e-global-typography-text-font-weight );\">&nbsp;<\/span><\/p>\t\t\t\t\t\t\t\t<\/div>\n\t\t\t\t<\/div>\n\t\t\t\t\t<\/div>\n\t\t\t\t<\/div>\n\t\t\t\t<\/div>","protected":false},"excerpt":{"rendered":"<p>Impresszum \u00dczemeltet\u0151 adatai Sz\u00e1ll\u00e1shely szolg\u00e1ltat\u00f3 neve:&nbsp; Hud\u00e1kn\u00e9 Dobi Adrienn Sz\u00e9khelye: 2400, Duna\u00fajv\u00e1ros, Venyimi \u00fat 12\/2 Email c\u00edme: dadrienn87@gmail.com Ad\u00f3sz\u00e1ma:&nbsp;90721887-1-27 Sz\u00e1ll\u00e1shely adatai Sz\u00e1ll\u00e1shely neve:&nbsp;&nbsp;Erkel apartman C\u00edme:&nbsp;2400, Duna\u00fajv\u00e1ros, Erkel kert 8. fszt.3. NTAK regisztr\u00e1ci\u00f3s sz\u00e1ma:&nbsp;MA25107317 T\u00e1rhelyszolg\u00e1ltat\u00f3 adatai N\u00e9v: Elin.hu Informatikai Szolg\u00e1ltat\u00f3 \u00e9s&nbsp;Tan\u00e1csad\u00f3 Kft. Sz\u00e9khely: 9024, Gy\u0151r, D\u00e9ry T. u. 11. El\u00e9rhet\u0151s\u00e9g: +36 30 2222 444 Weboldal: elin.hu [&hellip;]<\/p>","protected":false},"author":1,"featured_media":2551,"parent":0,"menu_order":0,"comment_status":"closed","ping_status":"closed","template":"","meta":{"_seopress_robots_primary_cat":"","_seopress_titles_title":"Impresszum | Erkel Apartman | Duna\u00fajv\u00e1ros","_seopress_titles_desc":"","_seopress_robots_index":"yes","site-sidebar-layout":"no-sidebar","site-content-layout":"page-builder","ast-site-content-layout":"full-width-container","site-content-style":"default","site-sidebar-style":"default","ast-global-header-display":"","ast-banner-title-visibility":"","ast-main-header-display":"","ast-hfb-above-header-display":"","ast-hfb-below-header-display":"","ast-hfb-mobile-header-display":"","site-post-title":"disabled","ast-breadcrumbs-content":"","ast-featured-img":"disabled","footer-sml-layout":"","theme-transparent-header-meta":"","adv-header-id-meta":"","stick-header-meta":"","header-above-stick-meta":"","header-main-stick-meta":"","header-below-stick-meta":"","astra-migrate-meta-layouts":"set","ast-page-background-enabled":"default","ast-page-background-meta":{"desktop":{"background-color":"var(--ast-global-color-4)","background-image":"","background-repeat":"repeat","background-position":"center center","background-size":"auto","background-attachment":"scroll","background-type":"","background-media":"","overlay-type":"","overlay-color":"","overlay-opacity":"","overlay-gradient":""},"tablet":{"background-color":"","background-image":"","background-repeat":"repeat","background-position":"center center","background-size":"auto","background-attachment":"scroll","background-type":"","background-media":"","overlay-type":"","overlay-color":"","overlay-opacity":"","overlay-gradient":""},"mobile":{"background-color":"","background-image":"","background-repeat":"repeat","background-position":"center center","background-size":"auto","background-attachment":"scroll","background-type":"","background-media":"","overlay-type":"","overlay-color":"","overlay-opacity":"","overlay-gradient":""}},"ast-content-background-meta":{"desktop":{"background-color":"var(--ast-global-color-5)","background-image":"","background-repeat":"repeat","background-position":"center center","background-size":"auto","background-attachment":"scroll","background-type":"","background-media":"","overlay-type":"","overlay-color":"","overlay-opacity":"","overlay-gradient":""},"tablet":{"background-color":"var(--ast-global-color-5)","background-image":"","background-repeat":"repeat","background-position":"center center","background-size":"auto","background-attachment":"scroll","background-type":"","background-media":"","overlay-type":"","overlay-color":"","overlay-opacity":"","overlay-gradient":""},"mobile":{"background-color":"var(--ast-global-color-5)","background-image":"","background-repeat":"repeat","background-position":"center center","background-size":"auto","background-attachment":"scroll","background-type":"","background-media":"","overlay-type":"","overlay-color":"","overlay-opacity":"","overlay-gradient":""}},"footnotes":""},"class_list":["post-2326","page","type-page","status-publish","has-post-thumbnail","hentry"],"_links":{"self":[{"href":"https:\/\/erkelapartman.hu\/en\/wp-json\/wp\/v2\/pages\/2326","targetHints":{"allow":["GET"]}}],"collection":[{"href":"https:\/\/erkelapartman.hu\/en\/wp-json\/wp\/v2\/pages"}],"about":[{"href":"https:\/\/erkelapartman.hu\/en\/wp-json\/wp\/v2\/types\/page"}],"author":[{"embeddable":true,"href":"https:\/\/erkelapartman.hu\/en\/wp-json\/wp\/v2\/users\/1"}],"replies":[{"embeddable":true,"href":"https:\/\/erkelapartman.hu\/en\/wp-json\/wp\/v2\/comments?post=2326"}],"version-history":[{"count":89,"href":"https:\/\/erkelapartman.hu\/en\/wp-json\/wp\/v2\/pages\/2326\/revisions"}],"predecessor-version":[{"id":3772,"href":"https:\/\/erkelapartman.hu\/en\/wp-json\/wp\/v2\/pages\/2326\/revisions\/3772"}],"wp:featuredmedia":[{"embeddable":true,"href":"https:\/\/erkelapartman.hu\/en\/wp-json\/wp\/v2\/media\/2551"}],"wp:attachment":[{"href":"https:\/\/erkelapartman.hu\/en\/wp-json\/wp\/v2\/media?parent=2326"}],"curies":[{"name":"wp","href":"https:\/\/api.w.org\/{rel}","templated":true}]}}