{"id":15,"date":"2025-02-12T12:49:52","date_gmt":"2025-02-12T11:49:52","guid":{"rendered":"http:\/\/localhost\/erkelapartman\/services\/"},"modified":"2025-05-09T22:50:17","modified_gmt":"2025-05-09T20:50:17","slug":"rolunk","status":"publish","type":"page","link":"https:\/\/erkelapartman.hu\/en\/rolunk\/","title":{"rendered":"About Us"},"content":{"rendered":"<div data-elementor-type=\"wp-page\" data-elementor-id=\"15\" class=\"elementor elementor-15\">\n\t\t\t\t<div class=\"elementor-element elementor-element-ed5342b e-flex e-con-boxed elementor-invisible e-con e-parent\" data-id=\"ed5342b\" data-element_type=\"container\" data-settings=\"{&quot;background_background&quot;:&quot;classic&quot;,&quot;animation&quot;:&quot;zoomIn&quot;}\">\n\t\t\t\t\t<div class=\"e-con-inner\">\n\t\t<div class=\"elementor-element elementor-element-0c73a23 e-con-full e-flex e-con e-child\" data-id=\"0c73a23\" data-element_type=\"container\">\n\t\t\t\t<div class=\"elementor-element elementor-element-e3ee3a0 elementor-absolute elementor-widget__width-inherit elementor-widget elementor-widget-heading\" data-id=\"e3ee3a0\" data-element_type=\"widget\" data-settings=\"{&quot;_position&quot;:&quot;absolute&quot;}\" data-widget_type=\"heading.default\">\n\t\t\t\t<div class=\"elementor-widget-container\">\n\t\t\t\t\t<h1 class=\"elementor-heading-title elementor-size-default\">About Us<\/h1>\t\t\t\t<\/div>\n\t\t\t\t<\/div>\n\t\t\t\t<\/div>\n\t\t\t\t\t<\/div>\n\t\t\t\t<\/div>\n\t\t<div class=\"elementor-element elementor-element-353ede5 e-flex e-con-boxed e-con e-parent\" data-id=\"353ede5\" data-element_type=\"container\">\n\t\t\t\t\t<div class=\"e-con-inner\">\n\t\t<div class=\"elementor-element elementor-element-2dc38ac e-con-full e-flex e-con e-child\" data-id=\"2dc38ac\" data-element_type=\"container\">\n\t\t\t\t<div class=\"elementor-element elementor-element-5362709 elementor-widget elementor-widget-heading\" data-id=\"5362709\" data-element_type=\"widget\" data-widget_type=\"heading.default\">\n\t\t\t\t<div class=\"elementor-widget-container\">\n\t\t\t\t\t<h3 class=\"elementor-heading-title elementor-size-default\">About us<\/h3>\t\t\t\t<\/div>\n\t\t\t\t<\/div>\n\t\t\t\t<div class=\"elementor-element elementor-element-660d7d7 elementor-widget elementor-widget-text-editor\" data-id=\"660d7d7\" data-element_type=\"widget\" data-widget_type=\"text-editor.default\">\n\t\t\t\t<div class=\"elementor-widget-container\">\n\t\t\t\t\t\t\t\t\t<p style=\"font-size: 16px; font-style: normal; font-weight: 400;\">We look forward to welcoming you to our completely renovated, modern, ground floor apartment in the center of Duna\u00fajv\u00e1ros. Thanks to its central location, restaurants, shops, bakeries, playgrounds, Kultik cinema, Upper Danube bank, and lookout tower are within walking distance.\u00a0<\/p><p style=\"font-size: 16px; font-style: normal; font-weight: 400;\">The apartment has a living room, a bedroom, a bathroom with shower and a fully equipped kitchen. Our apartment is suitable for 4 (2+2) people to stay comfortably.<\/p><p style=\"font-size: 16px; font-style: normal; font-weight: 400;\">As a baby and child-friendly accommodation, we provide a high chair and toys.<\/p><p style=\"font-size: 16px; font-style: normal; font-weight: 400;\">Our apartment is suitable for families, couples, groups of friends and businessmen.<\/p><p style=\"font-size: 16px; font-style: normal; font-weight: 400;\">We cannot accept pets at the accommodation, and smoking is prohibited inside the apartment.<\/p><div>\u00a0<\/div>\t\t\t\t\t\t\t\t<\/div>\n\t\t\t\t<\/div>\n\t\t\t\t<\/div>\n\t\t<div class=\"elementor-element elementor-element-7c79642 e-con-full e-flex e-con e-child\" data-id=\"7c79642\" data-element_type=\"container\">\n\t\t\t\t<div class=\"elementor-element elementor-element-307eaaf elementor-widget elementor-widget-image\" data-id=\"307eaaf\" data-element_type=\"widget\" data-widget_type=\"image.default\">\n\t\t\t\t<div class=\"elementor-widget-container\">\n\t\t\t\t\t\t\t\t\t\t\t\t\t\t\t<img alt=\"\" fetchpriority=\"high\" decoding=\"async\" width=\"1024\" height=\"576\" src=\"https:\/\/erkelapartman.hu\/wp-content\/uploads\/2025\/04\/20250331_142430-1-1024x576.jpg\" class=\"elementor-animation-grow attachment-large size-large wp-image-3698\" srcset=\"https:\/\/erkelapartman.hu\/wp-content\/uploads\/2025\/04\/20250331_142430-1-1024x576.jpg 1024w, https:\/\/erkelapartman.hu\/wp-content\/uploads\/2025\/04\/20250331_142430-1-300x169.jpg 300w, https:\/\/erkelapartman.hu\/wp-content\/uploads\/2025\/04\/20250331_142430-1-768x432.jpg 768w, https:\/\/erkelapartman.hu\/wp-content\/uploads\/2025\/04\/20250331_142430-1-1536x864.jpg 1536w, https:\/\/erkelapartman.hu\/wp-content\/uploads\/2025\/04\/20250331_142430-1-2048x1152.jpg 2048w\" sizes=\"(max-width: 1024px) 100vw, 1024px\" \/>\t\t\t\t\t\t\t\t\t\t\t\t\t\t\t<\/div>\n\t\t\t\t<\/div>\n\t\t\t\t<\/div>\n\t\t\t\t\t<\/div>\n\t\t\t\t<\/div>\n\t\t<div class=\"elementor-element elementor-element-b069d22 e-flex e-con-boxed e-con e-parent\" data-id=\"b069d22\" data-element_type=\"container\">\n\t\t\t\t\t<div class=\"e-con-inner\">\n\t\t<div class=\"elementor-element elementor-element-dffccf7 e-con-full e-flex e-con e-child\" data-id=\"dffccf7\" data-element_type=\"container\">\n\t\t\t\t<div class=\"elementor-element elementor-element-a48b651 elementor-widget elementor-widget-image\" data-id=\"a48b651\" data-element_type=\"widget\" data-widget_type=\"image.default\">\n\t\t\t\t<div class=\"elementor-widget-container\">\n\t\t\t\t\t\t\t\t\t\t\t\t\t\t\t<img alt=\"\" decoding=\"async\" width=\"1024\" height=\"577\" src=\"https:\/\/erkelapartman.hu\/wp-content\/uploads\/2025\/04\/20250331_140019-1-1024x577.jpg\" class=\"elementor-animation-grow attachment-large size-large wp-image-3687\" srcset=\"https:\/\/erkelapartman.hu\/wp-content\/uploads\/2025\/04\/20250331_140019-1-1024x577.jpg 1024w, https:\/\/erkelapartman.hu\/wp-content\/uploads\/2025\/04\/20250331_140019-1-300x169.jpg 300w, https:\/\/erkelapartman.hu\/wp-content\/uploads\/2025\/04\/20250331_140019-1-768x432.jpg 768w, https:\/\/erkelapartman.hu\/wp-content\/uploads\/2025\/04\/20250331_140019-1-1536x865.jpg 1536w, https:\/\/erkelapartman.hu\/wp-content\/uploads\/2025\/04\/20250331_140019-1-2048x1153.jpg 2048w\" sizes=\"(max-width: 1024px) 100vw, 1024px\" \/>\t\t\t\t\t\t\t\t\t\t\t\t\t\t\t<\/div>\n\t\t\t\t<\/div>\n\t\t\t\t<\/div>\n\t\t<div class=\"elementor-element elementor-element-56a4564 e-con-full e-flex e-con e-child\" data-id=\"56a4564\" data-element_type=\"container\">\n\t\t\t\t<div class=\"elementor-element elementor-element-50d6336 elementor-widget elementor-widget-heading\" data-id=\"50d6336\" data-element_type=\"widget\" data-widget_type=\"heading.default\">\n\t\t\t\t<div class=\"elementor-widget-container\">\n\t\t\t\t\t<h3 class=\"elementor-heading-title elementor-size-default\">Living room<\/h3>\t\t\t\t<\/div>\n\t\t\t\t<\/div>\n\t\t\t\t<div class=\"elementor-element elementor-element-9308ff2 elementor-widget elementor-widget-text-editor\" data-id=\"9308ff2\" data-element_type=\"widget\" data-widget_type=\"text-editor.default\">\n\t\t\t\t<div class=\"elementor-widget-container\">\n\t\t\t\t\t\t\t\t\t<p>The air-conditioned living room has a comfortable pull-out sofa bed that can accommodate 2 people. There is also a dining table that comfortably seats 4 people. There is an smart TV with 115 channels.<\/p>\t\t\t\t\t\t\t\t<\/div>\n\t\t\t\t<\/div>\n\t\t<div class=\"elementor-element elementor-element-8cae960 e-con-full e-flex e-con e-child\" data-id=\"8cae960\" data-element_type=\"container\">\n\t\t\t\t<div class=\"elementor-element elementor-element-e70e01a elementor-align-center elementor-widget elementor-widget-button\" data-id=\"e70e01a\" data-element_type=\"widget\" data-widget_type=\"button.default\">\n\t\t\t\t<div class=\"elementor-widget-container\">\n\t\t\t\t\t\t\t\t\t<div class=\"elementor-button-wrapper\">\n\t\t\t\t\t<a class=\"elementor-button elementor-button-link elementor-size-sm\" href=\"https:\/\/erkelapartman.hu\/en\/galeria\/\">\n\t\t\t\t\t\t<span class=\"elementor-button-content-wrapper\">\n\t\t\t\t\t\t\t\t\t<span class=\"elementor-button-text\">Gallery<\/span>\n\t\t\t\t\t<\/span>\n\t\t\t\t\t<\/a>\n\t\t\t\t<\/div>\n\t\t\t\t\t\t\t\t<\/div>\n\t\t\t\t<\/div>\n\t\t\t\t<\/div>\n\t\t\t\t<\/div>\n\t\t\t\t\t<\/div>\n\t\t\t\t<\/div>\n\t\t<div class=\"elementor-element elementor-element-fb82678 e-flex e-con-boxed e-con e-parent\" data-id=\"fb82678\" data-element_type=\"container\">\n\t\t\t\t\t<div class=\"e-con-inner\">\n\t\t<div class=\"elementor-element elementor-element-db657de e-con-full e-flex e-con e-child\" data-id=\"db657de\" data-element_type=\"container\">\n\t\t\t\t<div class=\"elementor-element elementor-element-f21128c elementor-widget elementor-widget-heading\" data-id=\"f21128c\" data-element_type=\"widget\" data-widget_type=\"heading.default\">\n\t\t\t\t<div class=\"elementor-widget-container\">\n\t\t\t\t\t<h3 class=\"elementor-heading-title elementor-size-default\">Bedroom<\/h3>\t\t\t\t<\/div>\n\t\t\t\t<\/div>\n\t\t\t\t<div class=\"elementor-element elementor-element-38e5f09 elementor-widget elementor-widget-text-editor\" data-id=\"38e5f09\" data-element_type=\"widget\" data-widget_type=\"text-editor.default\">\n\t\t\t\t<div class=\"elementor-widget-container\">\n\t\t\t\t\t\t\t\t\t<p class=\"translation-block\">Two-person room with a large (160\u00d7200) double bed and wardrobe. There is a LCD TV with 115 channels. We have placed a room safe in the wardrobe, which ensures the safety of our guests' valuables.<\/p>\t\t\t\t\t\t\t\t<\/div>\n\t\t\t\t<\/div>\n\t\t\t\t<div class=\"elementor-element elementor-element-8b526c3 elementor-align-center elementor-widget elementor-widget-button\" data-id=\"8b526c3\" data-element_type=\"widget\" data-widget_type=\"button.default\">\n\t\t\t\t<div class=\"elementor-widget-container\">\n\t\t\t\t\t\t\t\t\t<div class=\"elementor-button-wrapper\">\n\t\t\t\t\t<a class=\"elementor-button elementor-button-link elementor-size-sm\" href=\"https:\/\/erkelapartman.hu\/en\/galeria\/\">\n\t\t\t\t\t\t<span class=\"elementor-button-content-wrapper\">\n\t\t\t\t\t\t\t\t\t<span class=\"elementor-button-text\">Gallery<\/span>\n\t\t\t\t\t<\/span>\n\t\t\t\t\t<\/a>\n\t\t\t\t<\/div>\n\t\t\t\t\t\t\t\t<\/div>\n\t\t\t\t<\/div>\n\t\t\t\t<\/div>\n\t\t<div class=\"elementor-element elementor-element-67f26d8 e-con-full e-flex e-con e-child\" data-id=\"67f26d8\" data-element_type=\"container\">\n\t\t\t\t<div class=\"elementor-element elementor-element-4f73efa elementor-widget elementor-widget-image\" data-id=\"4f73efa\" data-element_type=\"widget\" data-widget_type=\"image.default\">\n\t\t\t\t<div class=\"elementor-widget-container\">\n\t\t\t\t\t\t\t\t\t\t\t\t\t\t\t<img alt=\"\" decoding=\"async\" width=\"1024\" height=\"577\" src=\"https:\/\/erkelapartman.hu\/wp-content\/uploads\/2025\/04\/20250331_142204-1-1024x577.jpg\" class=\"elementor-animation-grow attachment-large size-large wp-image-3694\" srcset=\"https:\/\/erkelapartman.hu\/wp-content\/uploads\/2025\/04\/20250331_142204-1-1024x577.jpg 1024w, https:\/\/erkelapartman.hu\/wp-content\/uploads\/2025\/04\/20250331_142204-1-300x169.jpg 300w, https:\/\/erkelapartman.hu\/wp-content\/uploads\/2025\/04\/20250331_142204-1-768x432.jpg 768w, https:\/\/erkelapartman.hu\/wp-content\/uploads\/2025\/04\/20250331_142204-1-1536x865.jpg 1536w, https:\/\/erkelapartman.hu\/wp-content\/uploads\/2025\/04\/20250331_142204-1-2048x1153.jpg 2048w\" sizes=\"(max-width: 1024px) 100vw, 1024px\" \/>\t\t\t\t\t\t\t\t\t\t\t\t\t\t\t<\/div>\n\t\t\t\t<\/div>\n\t\t\t\t<\/div>\n\t\t\t\t\t<\/div>\n\t\t\t\t<\/div>\n\t\t<div class=\"elementor-element elementor-element-6d214f7 e-flex e-con-boxed e-con e-parent\" data-id=\"6d214f7\" data-element_type=\"container\">\n\t\t\t\t\t<div class=\"e-con-inner\">\n\t\t<div class=\"elementor-element elementor-element-e0dacc0 e-con-full e-flex e-con e-child\" data-id=\"e0dacc0\" data-element_type=\"container\">\n\t\t\t\t<div class=\"elementor-element elementor-element-c4dc4aa elementor-widget elementor-widget-image\" data-id=\"c4dc4aa\" data-element_type=\"widget\" data-widget_type=\"image.default\">\n\t\t\t\t<div class=\"elementor-widget-container\">\n\t\t\t\t\t\t\t\t\t\t\t\t\t\t\t<img alt=\"\" loading=\"lazy\" decoding=\"async\" width=\"577\" height=\"1024\" src=\"https:\/\/erkelapartman.hu\/wp-content\/uploads\/2025\/04\/20250331_145627-1-577x1024.jpg\" class=\"elementor-animation-grow attachment-large size-large wp-image-3703\" srcset=\"https:\/\/erkelapartman.hu\/wp-content\/uploads\/2025\/04\/20250331_145627-1-577x1024.jpg 577w, https:\/\/erkelapartman.hu\/wp-content\/uploads\/2025\/04\/20250331_145627-1-169x300.jpg 169w, https:\/\/erkelapartman.hu\/wp-content\/uploads\/2025\/04\/20250331_145627-1-768x1364.jpg 768w, https:\/\/erkelapartman.hu\/wp-content\/uploads\/2025\/04\/20250331_145627-1-865x1536.jpg 865w, https:\/\/erkelapartman.hu\/wp-content\/uploads\/2025\/04\/20250331_145627-1-1153x2048.jpg 1153w, https:\/\/erkelapartman.hu\/wp-content\/uploads\/2025\/04\/20250331_145627-1-scaled.jpg 1442w\" sizes=\"(max-width: 577px) 100vw, 577px\" \/>\t\t\t\t\t\t\t\t\t\t\t\t\t\t\t<\/div>\n\t\t\t\t<\/div>\n\t\t\t\t<\/div>\n\t\t<div class=\"elementor-element elementor-element-47189ec e-con-full e-flex e-con e-child\" data-id=\"47189ec\" data-element_type=\"container\">\n\t\t\t\t<div class=\"elementor-element elementor-element-638dd26 elementor-widget elementor-widget-heading\" data-id=\"638dd26\" data-element_type=\"widget\" data-widget_type=\"heading.default\">\n\t\t\t\t<div class=\"elementor-widget-container\">\n\t\t\t\t\t<h3 class=\"elementor-heading-title elementor-size-default\">Kitchen<\/h3>\t\t\t\t<\/div>\n\t\t\t\t<\/div>\n\t\t\t\t<div class=\"elementor-element elementor-element-d1d1e1e elementor-widget elementor-widget-text-editor\" data-id=\"d1d1e1e\" data-element_type=\"widget\" data-widget_type=\"text-editor.default\">\n\t\t\t\t<div class=\"elementor-widget-container\">\n\t\t\t\t\t\t\t\t\t<p class=\"translation-block\">The kitchen is located opposite the entrance door. The kitchen cupboards contain everything you need to prepare a delicious lunch or dinner. The fully equipped kitchen has an oven, induction hob, steamer ,  microwave, kettle, toaster and fridge.<\/p>\n<p class=\"translation-block\">The pantry, where the washing machine is located, opens from the kitchen .<\/p>\t\t\t\t\t\t\t\t<\/div>\n\t\t\t\t<\/div>\n\t\t\t\t<div class=\"elementor-element elementor-element-904348d elementor-align-center elementor-widget elementor-widget-button\" data-id=\"904348d\" data-element_type=\"widget\" data-widget_type=\"button.default\">\n\t\t\t\t<div class=\"elementor-widget-container\">\n\t\t\t\t\t\t\t\t\t<div class=\"elementor-button-wrapper\">\n\t\t\t\t\t<a class=\"elementor-button elementor-button-link elementor-size-sm\" href=\"https:\/\/erkelapartman.hu\/en\/galeria\/\">\n\t\t\t\t\t\t<span class=\"elementor-button-content-wrapper\">\n\t\t\t\t\t\t\t\t\t<span class=\"elementor-button-text\">Gallery<\/span>\n\t\t\t\t\t<\/span>\n\t\t\t\t\t<\/a>\n\t\t\t\t<\/div>\n\t\t\t\t\t\t\t\t<\/div>\n\t\t\t\t<\/div>\n\t\t\t\t<\/div>\n\t\t\t\t\t<\/div>\n\t\t\t\t<\/div>\n\t\t<div class=\"elementor-element elementor-element-4ea6c66 e-flex e-con-boxed e-con e-parent\" data-id=\"4ea6c66\" data-element_type=\"container\">\n\t\t\t\t\t<div class=\"e-con-inner\">\n\t\t<div class=\"elementor-element elementor-element-1d599f0 e-con-full e-flex e-con e-child\" data-id=\"1d599f0\" data-element_type=\"container\">\n\t\t\t\t<div class=\"elementor-element elementor-element-8f2af4c elementor-widget elementor-widget-heading\" data-id=\"8f2af4c\" data-element_type=\"widget\" data-widget_type=\"heading.default\">\n\t\t\t\t<div class=\"elementor-widget-container\">\n\t\t\t\t\t<h3 class=\"elementor-heading-title elementor-size-default\">Bathroom<\/h3>\t\t\t\t<\/div>\n\t\t\t\t<\/div>\n\t\t\t\t<div class=\"elementor-element elementor-element-0701632 elementor-widget elementor-widget-text-editor\" data-id=\"0701632\" data-element_type=\"widget\" data-widget_type=\"text-editor.default\">\n\t\t\t\t<div class=\"elementor-widget-container\">\n\t\t\t\t\t\t\t\t\t<p class=\"translation-block\">The bathroom has a shower. For the comfort of our guests, there is a rain shower, heated LED mirror, towels, liquid soap, shower gel and a hairdryer.<\/p>\t\t\t\t\t\t\t\t<\/div>\n\t\t\t\t<\/div>\n\t\t\t\t<div class=\"elementor-element elementor-element-8e6416e elementor-align-center elementor-widget elementor-widget-button\" data-id=\"8e6416e\" data-element_type=\"widget\" data-widget_type=\"button.default\">\n\t\t\t\t<div class=\"elementor-widget-container\">\n\t\t\t\t\t\t\t\t\t<div class=\"elementor-button-wrapper\">\n\t\t\t\t\t<a class=\"elementor-button elementor-button-link elementor-size-sm\" href=\"https:\/\/erkelapartman.hu\/en\/galeria\/\">\n\t\t\t\t\t\t<span class=\"elementor-button-content-wrapper\">\n\t\t\t\t\t\t\t\t\t<span class=\"elementor-button-text\">Gallery<\/span>\n\t\t\t\t\t<\/span>\n\t\t\t\t\t<\/a>\n\t\t\t\t<\/div>\n\t\t\t\t\t\t\t\t<\/div>\n\t\t\t\t<\/div>\n\t\t\t\t<\/div>\n\t\t<div class=\"elementor-element elementor-element-6880e43 e-con-full e-flex e-con e-child\" data-id=\"6880e43\" data-element_type=\"container\">\n\t\t\t\t<div class=\"elementor-element elementor-element-f51149a elementor-widget elementor-widget-image\" data-id=\"f51149a\" data-element_type=\"widget\" data-widget_type=\"image.default\">\n\t\t\t\t<div class=\"elementor-widget-container\">\n\t\t\t\t\t\t\t\t\t\t\t\t\t\t\t<img alt=\"\" loading=\"lazy\" decoding=\"async\" width=\"1024\" height=\"576\" src=\"https:\/\/erkelapartman.hu\/wp-content\/uploads\/2025\/04\/20250331_140944.jpg\" class=\"elementor-animation-grow attachment-large size-large wp-image-2683\" \/>\t\t\t\t\t\t\t\t\t\t\t\t\t\t\t<\/div>\n\t\t\t\t<\/div>\n\t\t\t\t<\/div>\n\t\t\t\t\t<\/div>\n\t\t\t\t<\/div>\n\t\t\t\t<\/div>","protected":false},"excerpt":{"rendered":"<p>R\u00f3lunk Bemutatkoz\u00e1s Szeretettel v\u00e1rjuk\u00a0 Duna\u00fajv\u00e1ros k\u00f6zpontj\u00e1ban tal\u00e1lhat\u00f3 teljesen fel\u00faj\u00edtott, modern, f\u00f6ldszinti apartmanunkban. K\u00f6zponti elhelyezked\u00e9s\u00e9nek k\u00f6sz\u00f6nhet\u0151en \u00e9tterem, bolt, p\u00e9ks\u00e9g, j\u00e1tsz\u00f3t\u00e9r, Kultik mozi, Fels\u0151-Dunapart, kil\u00e1t\u00f3 s\u00e9tat\u00e1vols\u00e1gra tal\u00e1hat\u00f3.\u00a0 Nappali, h\u00e1l\u00f3szoba, zuhanyz\u00f3s f\u00fcrd\u0151szoba \u00e9s teljesen felszerelt konyha v\u00e1rja vend\u00e9geinket. Apartmanunk 4 (2+2) f\u0151 k\u00e9nyelmes tart\u00f3zkod\u00e1s\u00e1ra alkalmas. Baba- \u00e9s gyerekbar\u00e1t sz\u00e1ll\u00e1sk\u00e9nt etet\u0151sz\u00e9ket \u00e9s j\u00e1t\u00e9kokat biztos\u00edtunk. Apartmanunk alkalmas csal\u00e1dok, p\u00e1rok, bar\u00e1ti [&hellip;]<\/p>","protected":false},"author":1,"featured_media":3687,"parent":0,"menu_order":0,"comment_status":"closed","ping_status":"closed","template":"","meta":{"_seopress_robots_primary_cat":"","_seopress_titles_title":"R\u00f3lunk | Erkel Apartman | Duna\u00fajv\u00e1ros","_seopress_titles_desc":"Modern, f\u00f6ldszinti apartmanunk Duna\u00fajv\u00e1ros k\u00f6zpontj\u00e1ban v\u00e1rja vend\u00e9geinket.","_seopress_robots_index":"","site-sidebar-layout":"no-sidebar","site-content-layout":"page-builder","ast-site-content-layout":"full-width-container","site-content-style":"unboxed","site-sidebar-style":"unboxed","ast-global-header-display":"","ast-banner-title-visibility":"","ast-main-header-display":"","ast-hfb-above-header-display":"","ast-hfb-below-header-display":"","ast-hfb-mobile-header-display":"","site-post-title":"disabled","ast-breadcrumbs-content":"","ast-featured-img":"disabled","footer-sml-layout":"","theme-transparent-header-meta":"enabled","adv-header-id-meta":"","stick-header-meta":"","header-above-stick-meta":"","header-main-stick-meta":"","header-below-stick-meta":"","astra-migrate-meta-layouts":"set","ast-page-background-enabled":"default","ast-page-background-meta":{"desktop":{"background-color":"var(--ast-global-color-4)","background-image":"","background-repeat":"repeat","background-position":"center center","background-size":"auto","background-attachment":"scroll","background-type":"","background-media":"","overlay-type":"","overlay-color":"","overlay-opacity":"","overlay-gradient":""},"tablet":{"background-color":"","background-image":"","background-repeat":"repeat","background-position":"center center","background-size":"auto","background-attachment":"scroll","background-type":"","background-media":"","overlay-type":"","overlay-color":"","overlay-opacity":"","overlay-gradient":""},"mobile":{"background-color":"","background-image":"","background-repeat":"repeat","background-position":"center center","background-size":"auto","background-attachment":"scroll","background-type":"","background-media":"","overlay-type":"","overlay-color":"","overlay-opacity":"","overlay-gradient":""}},"ast-content-background-meta":{"desktop":{"background-color":"var(--ast-global-color-5)","background-image":"","background-repeat":"repeat","background-position":"center center","background-size":"auto","background-attachment":"scroll","background-type":"","background-media":"","overlay-type":"","overlay-color":"","overlay-opacity":"","overlay-gradient":""},"tablet":{"background-color":"var(--ast-global-color-5)","background-image":"","background-repeat":"repeat","background-position":"center center","background-size":"auto","background-attachment":"scroll","background-type":"","background-media":"","overlay-type":"","overlay-color":"","overlay-opacity":"","overlay-gradient":""},"mobile":{"background-color":"var(--ast-global-color-5)","background-image":"","background-repeat":"repeat","background-position":"center center","background-size":"auto","background-attachment":"scroll","background-type":"","background-media":"","overlay-type":"","overlay-color":"","overlay-opacity":"","overlay-gradient":""}},"footnotes":""},"class_list":["post-15","page","type-page","status-publish","has-post-thumbnail","hentry"],"_links":{"self":[{"href":"https:\/\/erkelapartman.hu\/en\/wp-json\/wp\/v2\/pages\/15","targetHints":{"allow":["GET"]}}],"collection":[{"href":"https:\/\/erkelapartman.hu\/en\/wp-json\/wp\/v2\/pages"}],"about":[{"href":"https:\/\/erkelapartman.hu\/en\/wp-json\/wp\/v2\/types\/page"}],"author":[{"embeddable":true,"href":"https:\/\/erkelapartman.hu\/en\/wp-json\/wp\/v2\/users\/1"}],"replies":[{"embeddable":true,"href":"https:\/\/erkelapartman.hu\/en\/wp-json\/wp\/v2\/comments?post=15"}],"version-history":[{"count":364,"href":"https:\/\/erkelapartman.hu\/en\/wp-json\/wp\/v2\/pages\/15\/revisions"}],"predecessor-version":[{"id":3759,"href":"https:\/\/erkelapartman.hu\/en\/wp-json\/wp\/v2\/pages\/15\/revisions\/3759"}],"wp:featuredmedia":[{"embeddable":true,"href":"https:\/\/erkelapartman.hu\/en\/wp-json\/wp\/v2\/media\/3687"}],"wp:attachment":[{"href":"https:\/\/erkelapartman.hu\/en\/wp-json\/wp\/v2\/media?parent=15"}],"curies":[{"name":"wp","href":"https:\/\/api.w.org\/{rel}","templated":true}]}}