{"id":1448,"date":"2025-02-12T12:49:55","date_gmt":"2025-02-12T11:49:55","guid":{"rendered":"http:\/\/localhost\/erkelapartman\/home\/"},"modified":"2025-05-01T08:27:56","modified_gmt":"2025-05-01T06:27:56","slug":"fooldal","status":"publish","type":"page","link":"https:\/\/erkelapartman.hu\/en\/","title":{"rendered":"Home"},"content":{"rendered":"<div data-elementor-type=\"wp-page\" data-elementor-id=\"1448\" class=\"elementor elementor-1448\">\n\t\t\t\t<div class=\"elementor-element elementor-element-b240dc6 e-flex e-con-boxed elementor-invisible e-con e-parent\" data-id=\"b240dc6\" data-element_type=\"container\" data-settings=\"{&quot;background_background&quot;:&quot;classic&quot;,&quot;animation&quot;:&quot;zoomIn&quot;}\">\n\t\t\t\t\t<div class=\"e-con-inner\">\n\t\t<div class=\"elementor-element elementor-element-1cbefe9 e-con-full e-flex e-con e-child\" data-id=\"1cbefe9\" data-element_type=\"container\">\n\t\t\t\t<div class=\"elementor-element elementor-element-1b1a46a elementor-widget__width-initial elementor-widget-mobile__width-initial elementor-absolute elementor-widget-tablet__width-inherit elementor-widget elementor-widget-heading\" data-id=\"1b1a46a\" data-element_type=\"widget\" data-settings=\"{&quot;_position&quot;:&quot;absolute&quot;}\" data-widget_type=\"heading.default\">\n\t\t\t\t<div class=\"elementor-widget-container\">\n\t\t\t\t\t<h1 class=\"elementor-heading-title elementor-size-default\">Erkel\napartman<\/h1>\t\t\t\t<\/div>\n\t\t\t\t<\/div>\n\t\t\t\t<\/div>\n\t\t\t\t\t<\/div>\n\t\t\t\t<\/div>\n\t\t<div class=\"elementor-element elementor-element-780b7eb e-flex e-con-boxed e-con e-parent\" data-id=\"780b7eb\" data-element_type=\"container\">\n\t\t\t\t\t<div class=\"e-con-inner\">\n\t\t<div class=\"elementor-element elementor-element-45635ac e-con-full e-flex e-con e-child\" data-id=\"45635ac\" data-element_type=\"container\">\n\t\t\t\t<div class=\"elementor-element elementor-element-179e52a elementor-widget elementor-widget-heading\" data-id=\"179e52a\" data-element_type=\"widget\" data-widget_type=\"heading.default\">\n\t\t\t\t<div class=\"elementor-widget-container\">\n\t\t\t\t\t<h2 class=\"elementor-heading-title elementor-size-default\">About Us<\/h2>\t\t\t\t<\/div>\n\t\t\t\t<\/div>\n\t\t\t\t<div class=\"elementor-element elementor-element-c45226f elementor-widget elementor-widget-text-editor\" data-id=\"c45226f\" data-element_type=\"widget\" data-widget_type=\"text-editor.default\">\n\t\t\t\t<div class=\"elementor-widget-container\">\n\t\t\t\t\t\t\t\t\t<p><span style=\"font-size: 16px;\">Our child-friendly apartment is located in the center of Duna\u00fajv\u00e1ros. The apartment is located on the ground floor of a four-story apartment building. The apartment consists of a living room and a bedroom, which can accommodate 4 people.\u00a0<\/span><\/p>\t\t\t\t\t\t\t\t<\/div>\n\t\t\t\t<\/div>\n\t\t\t\t<div class=\"elementor-element elementor-element-68a77aa elementor-align-center elementor-widget elementor-widget-button\" data-id=\"68a77aa\" data-element_type=\"widget\" data-widget_type=\"button.default\">\n\t\t\t\t<div class=\"elementor-widget-container\">\n\t\t\t\t\t\t\t\t\t<div class=\"elementor-button-wrapper\">\n\t\t\t\t\t<a class=\"elementor-button elementor-button-link elementor-size-sm\" href=\"https:\/\/erkelapartman.hu\/en\/rolunk\/\">\n\t\t\t\t\t\t<span class=\"elementor-button-content-wrapper\">\n\t\t\t\t\t\t\t\t\t<span class=\"elementor-button-text\">More<\/span>\n\t\t\t\t\t<\/span>\n\t\t\t\t\t<\/a>\n\t\t\t\t<\/div>\n\t\t\t\t\t\t\t\t<\/div>\n\t\t\t\t<\/div>\n\t\t\t\t<\/div>\n\t\t<div class=\"elementor-element elementor-element-017d4b5 e-con-full e-flex e-con e-child\" data-id=\"017d4b5\" data-element_type=\"container\">\n\t\t\t\t<div class=\"elementor-element elementor-element-3f668d1 elementor-widget elementor-widget-image\" data-id=\"3f668d1\" data-element_type=\"widget\" data-widget_type=\"image.default\">\n\t\t\t\t<div class=\"elementor-widget-container\">\n\t\t\t\t\t\t\t\t\t\t\t\t\t\t\t<img alt=\"\" fetchpriority=\"high\" decoding=\"async\" width=\"1024\" height=\"577\" src=\"https:\/\/erkelapartman.hu\/wp-content\/uploads\/2025\/04\/20250331_142723-1-1024x577.jpg\" class=\"attachment-large size-large wp-image-3724\" srcset=\"https:\/\/erkelapartman.hu\/wp-content\/uploads\/2025\/04\/20250331_142723-1-1024x577.jpg 1024w, https:\/\/erkelapartman.hu\/wp-content\/uploads\/2025\/04\/20250331_142723-1-300x169.jpg 300w, https:\/\/erkelapartman.hu\/wp-content\/uploads\/2025\/04\/20250331_142723-1-768x432.jpg 768w, https:\/\/erkelapartman.hu\/wp-content\/uploads\/2025\/04\/20250331_142723-1-1536x865.jpg 1536w, https:\/\/erkelapartman.hu\/wp-content\/uploads\/2025\/04\/20250331_142723-1-2048x1153.jpg 2048w\" sizes=\"(max-width: 1024px) 100vw, 1024px\" \/>\t\t\t\t\t\t\t\t\t\t\t\t\t\t\t<\/div>\n\t\t\t\t<\/div>\n\t\t\t\t<\/div>\n\t\t\t\t\t<\/div>\n\t\t\t\t<\/div>\n\t\t<div class=\"elementor-element elementor-element-a427746 e-flex e-con-boxed e-con e-parent\" data-id=\"a427746\" data-element_type=\"container\">\n\t\t\t\t\t<div class=\"e-con-inner\">\n\t\t\t\t<div class=\"elementor-element elementor-element-f6803ba elementor-widget elementor-widget-heading\" data-id=\"f6803ba\" data-element_type=\"widget\" data-widget_type=\"heading.default\">\n\t\t\t\t<div class=\"elementor-widget-container\">\n\t\t\t\t\t<h2 class=\"elementor-heading-title elementor-size-default\">Services<\/h2>\t\t\t\t<\/div>\n\t\t\t\t<\/div>\n\t\t\t\t\t<\/div>\n\t\t\t\t<\/div>\n\t\t<div class=\"elementor-element elementor-element-b1b16cf e-flex e-con-boxed e-con e-parent\" data-id=\"b1b16cf\" data-element_type=\"container\" data-settings=\"{&quot;background_background&quot;:&quot;classic&quot;}\">\n\t\t\t\t\t<div class=\"e-con-inner\">\n\t\t<div class=\"elementor-element elementor-element-785b6fc e-con-full e-flex e-con e-child\" data-id=\"785b6fc\" data-element_type=\"container\">\n\t\t\t\t<div class=\"elementor-element elementor-element-8befe1b elementor-view-default elementor-widget elementor-widget-icon\" data-id=\"8befe1b\" data-element_type=\"widget\" data-widget_type=\"icon.default\">\n\t\t\t\t<div class=\"elementor-widget-container\">\n\t\t\t\t\t\t\t<div class=\"elementor-icon-wrapper\">\n\t\t\t<div class=\"elementor-icon\">\n\t\t\t<i aria-hidden=\"true\" class=\"material-icons md-wifi\"><\/i>\t\t\t<\/div>\n\t\t<\/div>\n\t\t\t\t\t\t<\/div>\n\t\t\t\t<\/div>\n\t\t\t\t<div class=\"elementor-element elementor-element-b315548 elementor-widget elementor-widget-text-editor\" data-id=\"b315548\" data-element_type=\"widget\" data-widget_type=\"text-editor.default\">\n\t\t\t\t<div class=\"elementor-widget-container\">\n\t\t\t\t\t\t\t\t\t<p>Free Wi-Fi<\/p>\t\t\t\t\t\t\t\t<\/div>\n\t\t\t\t<\/div>\n\t\t\t\t<\/div>\n\t\t<div class=\"elementor-element elementor-element-b625d6f e-con-full e-flex e-con e-child\" data-id=\"b625d6f\" data-element_type=\"container\">\n\t\t\t\t<div class=\"elementor-element elementor-element-5430bca elementor-view-default elementor-widget elementor-widget-icon\" data-id=\"5430bca\" data-element_type=\"widget\" data-widget_type=\"icon.default\">\n\t\t\t\t<div class=\"elementor-widget-container\">\n\t\t\t\t\t\t\t<div class=\"elementor-icon-wrapper\">\n\t\t\t<div class=\"elementor-icon\">\n\t\t\t<i aria-hidden=\"true\" class=\"material-icons md-ac_unit\"><\/i>\t\t\t<\/div>\n\t\t<\/div>\n\t\t\t\t\t\t<\/div>\n\t\t\t\t<\/div>\n\t\t\t\t<div class=\"elementor-element elementor-element-d0733e4 elementor-widget elementor-widget-text-editor\" data-id=\"d0733e4\" data-element_type=\"widget\" data-widget_type=\"text-editor.default\">\n\t\t\t\t<div class=\"elementor-widget-container\">\n\t\t\t\t\t\t\t\t\t<p>Air conditioning<\/p>\t\t\t\t\t\t\t\t<\/div>\n\t\t\t\t<\/div>\n\t\t\t\t<\/div>\n\t\t<div class=\"elementor-element elementor-element-e23f145 e-con-full e-flex e-con e-child\" data-id=\"e23f145\" data-element_type=\"container\">\n\t\t\t\t<div class=\"elementor-element elementor-element-5c6de79 elementor-view-default elementor-widget elementor-widget-icon\" data-id=\"5c6de79\" data-element_type=\"widget\" data-widget_type=\"icon.default\">\n\t\t\t\t<div class=\"elementor-widget-container\">\n\t\t\t\t\t\t\t<div class=\"elementor-icon-wrapper\">\n\t\t\t<div class=\"elementor-icon\">\n\t\t\t<i aria-hidden=\"true\" class=\"material-icons md-local_parking\"><\/i>\t\t\t<\/div>\n\t\t<\/div>\n\t\t\t\t\t\t<\/div>\n\t\t\t\t<\/div>\n\t\t\t\t<div class=\"elementor-element elementor-element-81abcdd elementor-widget elementor-widget-text-editor\" data-id=\"81abcdd\" data-element_type=\"widget\" data-widget_type=\"text-editor.default\">\n\t\t\t\t<div class=\"elementor-widget-container\">\n\t\t\t\t\t\t\t\t\t<p>Free parking<\/p>\t\t\t\t\t\t\t\t<\/div>\n\t\t\t\t<\/div>\n\t\t\t\t<\/div>\n\t\t\t\t\t<\/div>\n\t\t\t\t<\/div>\n\t\t<div class=\"elementor-element elementor-element-eb760cc e-flex e-con-boxed e-con e-parent\" data-id=\"eb760cc\" data-element_type=\"container\" data-settings=\"{&quot;background_background&quot;:&quot;classic&quot;}\">\n\t\t\t\t\t<div class=\"e-con-inner\">\n\t\t<div class=\"elementor-element elementor-element-74842c3 e-con-full e-flex e-con e-child\" data-id=\"74842c3\" data-element_type=\"container\">\n\t\t\t\t<div class=\"elementor-element elementor-element-9c61ca0 elementor-view-default elementor-widget elementor-widget-icon\" data-id=\"9c61ca0\" data-element_type=\"widget\" data-widget_type=\"icon.default\">\n\t\t\t\t<div class=\"elementor-widget-container\">\n\t\t\t\t\t\t\t<div class=\"elementor-icon-wrapper\">\n\t\t\t<div class=\"elementor-icon\">\n\t\t\t<svg aria-hidden=\"true\" class=\"e-font-icon-svg e-fas-shower\" viewbox=\"0 0 512 512\" xmlns=\"http:\/\/www.w3.org\/2000\/svg\"><path d=\"M304,320a16,16,0,1,0,16,16A16,16,0,0,0,304,320Zm32-96a16,16,0,1,0,16,16A16,16,0,0,0,336,224Zm32,64a16,16,0,1,0-16-16A16,16,0,0,0,368,288Zm-32,32a16,16,0,1,0-16-16A16,16,0,0,0,336,320Zm-32-64a16,16,0,1,0,16,16A16,16,0,0,0,304,256Zm128-32a16,16,0,1,0-16-16A16,16,0,0,0,432,224Zm-48,16a16,16,0,1,0,16-16A16,16,0,0,0,384,240Zm-16-48a16,16,0,1,0,16,16A16,16,0,0,0,368,192Zm96,32a16,16,0,1,0,16,16A16,16,0,0,0,464,224Zm32-32a16,16,0,1,0,16,16A16,16,0,0,0,496,192Zm-64,64a16,16,0,1,0,16,16A16,16,0,0,0,432,256Zm-32,32a16,16,0,1,0,16,16A16,16,0,0,0,400,288Zm-64,64a16,16,0,1,0,16,16A16,16,0,0,0,336,352Zm-32,32a16,16,0,1,0,16,16A16,16,0,0,0,304,384Zm64-64a16,16,0,1,0,16,16A16,16,0,0,0,368,320Zm21.65-218.35-11.3-11.31a16,16,0,0,0-22.63,0L350.05,96A111.19,111.19,0,0,0,272,64c-19.24,0-37.08,5.3-52.9,13.85l-10-10A121.72,121.72,0,0,0,123.44,32C55.49,31.5,0,92.91,0,160.85V464a16,16,0,0,0,16,16H48a16,16,0,0,0,16-16V158.4c0-30.15,21-58.2,51-61.93a58.38,58.38,0,0,1,48.93,16.67l10,10C165.3,138.92,160,156.76,160,176a111.23,111.23,0,0,0,32,78.05l-5.66,5.67a16,16,0,0,0,0,22.62l11.3,11.31a16,16,0,0,0,22.63,0L389.65,124.28A16,16,0,0,0,389.65,101.65Z\"><\/path><\/svg>\t\t\t<\/div>\n\t\t<\/div>\n\t\t\t\t\t\t<\/div>\n\t\t\t\t<\/div>\n\t\t\t\t<div class=\"elementor-element elementor-element-8f9476c elementor-widget elementor-widget-text-editor\" data-id=\"8f9476c\" data-element_type=\"widget\" data-widget_type=\"text-editor.default\">\n\t\t\t\t<div class=\"elementor-widget-container\">\n\t\t\t\t\t\t\t\t\t<p>Well-equipped bathroom<\/p>\t\t\t\t\t\t\t\t<\/div>\n\t\t\t\t<\/div>\n\t\t\t\t<\/div>\n\t\t<div class=\"elementor-element elementor-element-3281be4 e-con-full e-flex e-con e-child\" data-id=\"3281be4\" data-element_type=\"container\">\n\t\t\t\t<div class=\"elementor-element elementor-element-eaf04ca elementor-view-default elementor-widget elementor-widget-icon\" data-id=\"eaf04ca\" data-element_type=\"widget\" data-widget_type=\"icon.default\">\n\t\t\t\t<div class=\"elementor-widget-container\">\n\t\t\t\t\t\t\t<div class=\"elementor-icon-wrapper\">\n\t\t\t<div class=\"elementor-icon\">\n\t\t\t<i aria-hidden=\"true\" class=\"material-icons md-local_cafe\"><\/i>\t\t\t<\/div>\n\t\t<\/div>\n\t\t\t\t\t\t<\/div>\n\t\t\t\t<\/div>\n\t\t\t\t<div class=\"elementor-element elementor-element-74e1bd5 elementor-widget elementor-widget-text-editor\" data-id=\"74e1bd5\" data-element_type=\"widget\" data-widget_type=\"text-editor.default\">\n\t\t\t\t<div class=\"elementor-widget-container\">\n\t\t\t\t\t\t\t\t\t<p>Well-equipped kitchen<\/p>\t\t\t\t\t\t\t\t<\/div>\n\t\t\t\t<\/div>\n\t\t\t\t<\/div>\n\t\t<div class=\"elementor-element elementor-element-d275889 e-con-full e-flex e-con e-child\" data-id=\"d275889\" data-element_type=\"container\">\n\t\t\t\t<div class=\"elementor-element elementor-element-7ea32db elementor-view-default elementor-widget elementor-widget-icon\" data-id=\"7ea32db\" data-element_type=\"widget\" data-widget_type=\"icon.default\">\n\t\t\t\t<div class=\"elementor-widget-container\">\n\t\t\t\t\t\t\t<div class=\"elementor-icon-wrapper\">\n\t\t\t<div class=\"elementor-icon\">\n\t\t\t<svg aria-hidden=\"true\" class=\"e-font-icon-svg e-fas-baby\" viewbox=\"0 0 384 512\" xmlns=\"http:\/\/www.w3.org\/2000\/svg\"><path d=\"M192 160c44.2 0 80-35.8 80-80S236.2 0 192 0s-80 35.8-80 80 35.8 80 80 80zm-53.4 248.8l25.6-32-61.5-51.2L56.8 383c-11.4 14.2-11.7 34.4-.8 49l48 64c7.9 10.5 19.9 16 32 16 8.3 0 16.8-2.6 24-8 17.7-13.2 21.2-38.3 8-56l-29.4-39.2zm142.7-83.2l-61.5 51.2 25.6 32L216 448c-13.2 17.7-9.7 42.8 8 56 7.2 5.4 15.6 8 24 8 12.2 0 24.2-5.5 32-16l48-64c10.9-14.6 10.6-34.8-.8-49l-45.9-57.4zM376.7 145c-12.7-18.1-37.6-22.4-55.7-9.8l-40.6 28.5c-52.7 37-124.2 37-176.8 0L63 135.3C44.9 122.6 20 127 7.3 145-5.4 163.1-1 188 17 200.7l40.6 28.5c17 11.9 35.4 20.9 54.4 27.9V288h160v-30.8c19-7 37.4-16 54.4-27.9l40.6-28.5c18.1-12.8 22.4-37.7 9.7-55.8z\"><\/path><\/svg>\t\t\t<\/div>\n\t\t<\/div>\n\t\t\t\t\t\t<\/div>\n\t\t\t\t<\/div>\n\t\t\t\t<div class=\"elementor-element elementor-element-ed6e3c8 elementor-widget elementor-widget-text-editor\" data-id=\"ed6e3c8\" data-element_type=\"widget\" data-widget_type=\"text-editor.default\">\n\t\t\t\t<div class=\"elementor-widget-container\">\n\t\t\t\t\t\t\t\t\t<p>Baby and child friendly<\/p>\t\t\t\t\t\t\t\t<\/div>\n\t\t\t\t<\/div>\n\t\t\t\t<\/div>\n\t\t\t\t\t<\/div>\n\t\t\t\t<\/div>\n\t\t<div class=\"elementor-element elementor-element-4a9e7af e-flex e-con-boxed e-con e-parent\" data-id=\"4a9e7af\" data-element_type=\"container\">\n\t\t\t\t\t<div class=\"e-con-inner\">\n\t\t<div class=\"elementor-element elementor-element-b58c27c e-con-full e-flex e-con e-child\" data-id=\"b58c27c\" data-element_type=\"container\">\n\t\t\t\t<div class=\"elementor-element elementor-element-0cc5c8d elementor-widget elementor-widget-image\" data-id=\"0cc5c8d\" data-element_type=\"widget\" data-widget_type=\"image.default\">\n\t\t\t\t<div class=\"elementor-widget-container\">\n\t\t\t\t\t\t\t\t\t\t\t\t\t\t\t<img alt=\"\" decoding=\"async\" width=\"1024\" height=\"577\" src=\"https:\/\/erkelapartman.hu\/wp-content\/uploads\/2025\/04\/20250405_160807-1024x577.jpg\" class=\"attachment-large size-large wp-image-3470\" srcset=\"https:\/\/erkelapartman.hu\/wp-content\/uploads\/2025\/04\/20250405_160807-1024x577.jpg 1024w, https:\/\/erkelapartman.hu\/wp-content\/uploads\/2025\/04\/20250405_160807-300x169.jpg 300w, https:\/\/erkelapartman.hu\/wp-content\/uploads\/2025\/04\/20250405_160807-768x432.jpg 768w, https:\/\/erkelapartman.hu\/wp-content\/uploads\/2025\/04\/20250405_160807-1536x865.jpg 1536w, https:\/\/erkelapartman.hu\/wp-content\/uploads\/2025\/04\/20250405_160807-2048x1153.jpg 2048w\" sizes=\"(max-width: 1024px) 100vw, 1024px\" \/>\t\t\t\t\t\t\t\t\t\t\t\t\t\t\t<\/div>\n\t\t\t\t<\/div>\n\t\t\t\t<\/div>\n\t\t<div class=\"elementor-element elementor-element-1d90eaf e-con-full e-flex e-con e-child\" data-id=\"1d90eaf\" data-element_type=\"container\">\n\t\t\t\t<div class=\"elementor-element elementor-element-469181b elementor-widget elementor-widget-heading\" data-id=\"469181b\" data-element_type=\"widget\" data-widget_type=\"heading.default\">\n\t\t\t\t<div class=\"elementor-widget-container\">\n\t\t\t\t\t<h2 class=\"elementor-heading-title elementor-size-default\">Things to do in Duna\u00fajv\u00e1ros<\/h2>\t\t\t\t<\/div>\n\t\t\t\t<\/div>\n\t\t\t\t<div class=\"elementor-element elementor-element-94fe542 elementor-widget elementor-widget-text-editor\" data-id=\"94fe542\" data-element_type=\"widget\" data-widget_type=\"text-editor.default\">\n\t\t\t\t<div class=\"elementor-widget-container\">\n\t\t\t\t\t\t\t\t\t<p class=\"translation-block\">Our guests visiting Duna\u00fajv\u00e1ros can choose from a variety of cultural programs and attractions. Our city has a cinema, a theater, a museum, an adventure pool, an arboretum and an animal park. We can take a pleasant walk along the Danube bank with a wonderful view.<\/p>\t\t\t\t\t\t\t\t<\/div>\n\t\t\t\t<\/div>\n\t\t\t\t<div class=\"elementor-element elementor-element-c60d367 elementor-align-center elementor-widget elementor-widget-button\" data-id=\"c60d367\" data-element_type=\"widget\" data-widget_type=\"button.default\">\n\t\t\t\t<div class=\"elementor-widget-container\">\n\t\t\t\t\t\t\t\t\t<div class=\"elementor-button-wrapper\">\n\t\t\t\t\t<a class=\"elementor-button elementor-button-link elementor-size-sm\" href=\"https:\/\/erkelapartman.hu\/en\/latnivalok\/\">\n\t\t\t\t\t\t<span class=\"elementor-button-content-wrapper\">\n\t\t\t\t\t\t\t\t\t<span class=\"elementor-button-text\">More<\/span>\n\t\t\t\t\t<\/span>\n\t\t\t\t\t<\/a>\n\t\t\t\t<\/div>\n\t\t\t\t\t\t\t\t<\/div>\n\t\t\t\t<\/div>\n\t\t\t\t<\/div>\n\t\t\t\t\t<\/div>\n\t\t\t\t<\/div>\n\t\t\t\t<\/div>","protected":false},"excerpt":{"rendered":"<p>Erkel apartman R\u00f3lunk Gyermekbar\u00e1t apartmanunk Duna\u00fajv\u00e1ros k\u00f6zpontj\u00e1ban helyezkedik el. Az apartman egy n\u00e9gy emeletes t\u00e1rsash\u00e1z f\u00f6ldszintj\u00e9n tal\u00e1lhat\u00f3. A lak\u00e1s egy nappalib\u00f3l \u00e9s egy h\u00e1l\u00f3szob\u00e1b\u00f3l \u00e1ll, amely 4 f\u0151 elhelyez\u00e9s\u00e9re alkalmas.\u00a0 Tov\u00e1bb Szolg\u00e1ltat\u00e1sok Ingyenes\u00a0 wifi L\u00e9gkondi Ingyenes parkol\u00e1s J\u00f3l felszerelt f\u00fcrd\u0151szoba J\u00f3l felszerelt konyha Baba-\u00e9s gyermekbar\u00e1t Duna\u00fajv\u00e1ros l\u00e1tnival\u00f3i Duna\u00fajv\u00e1rosba l\u00e1togat\u00f3 vend\u00e9geink sz\u00e1mos\u00a0 kultur\u00e1lis program \u00e9s l\u00e1tnival\u00f3 [&hellip;]<\/p>","protected":false},"author":1,"featured_media":3687,"parent":0,"menu_order":0,"comment_status":"closed","ping_status":"closed","template":"","meta":{"_seopress_robots_primary_cat":"","_seopress_titles_title":"Erkel Apartman | Duna\u00fajv\u00e1ros","_seopress_titles_desc":"Modern, f\u00f6ldszinti apartmanunk Duna\u00fajv\u00e1ros k\u00f6zpontj\u00e1ban v\u00e1rja vend\u00e9geinket.","_seopress_robots_index":"","site-sidebar-layout":"no-sidebar","site-content-layout":"page-builder","ast-site-content-layout":"full-width-container","site-content-style":"unboxed","site-sidebar-style":"unboxed","ast-global-header-display":"","ast-banner-title-visibility":"","ast-main-header-display":"","ast-hfb-above-header-display":"","ast-hfb-below-header-display":"","ast-hfb-mobile-header-display":"","site-post-title":"disabled","ast-breadcrumbs-content":"","ast-featured-img":"disabled","footer-sml-layout":"","theme-transparent-header-meta":"enabled","adv-header-id-meta":"","stick-header-meta":"","header-above-stick-meta":"","header-main-stick-meta":"","header-below-stick-meta":"","astra-migrate-meta-layouts":"set","ast-page-background-enabled":"default","ast-page-background-meta":{"desktop":{"background-color":"var(--ast-global-color-4)","background-image":"","background-repeat":"repeat","background-position":"center center","background-size":"auto","background-attachment":"scroll","background-type":"","background-media":"","overlay-type":"","overlay-color":"","overlay-opacity":"","overlay-gradient":""},"tablet":{"background-color":"","background-image":"","background-repeat":"repeat","background-position":"center center","background-size":"auto","background-attachment":"scroll","background-type":"","background-media":"","overlay-type":"","overlay-color":"","overlay-opacity":"","overlay-gradient":""},"mobile":{"background-color":"","background-image":"","background-repeat":"repeat","background-position":"center center","background-size":"auto","background-attachment":"scroll","background-type":"","background-media":"","overlay-type":"","overlay-color":"","overlay-opacity":"","overlay-gradient":""}},"ast-content-background-meta":{"desktop":{"background-color":"var(--ast-global-color-5)","background-image":"","background-repeat":"repeat","background-position":"center center","background-size":"auto","background-attachment":"scroll","background-type":"","background-media":"","overlay-type":"","overlay-color":"","overlay-opacity":"","overlay-gradient":""},"tablet":{"background-color":"var(--ast-global-color-5)","background-image":"","background-repeat":"repeat","background-position":"center center","background-size":"auto","background-attachment":"scroll","background-type":"","background-media":"","overlay-type":"","overlay-color":"","overlay-opacity":"","overlay-gradient":""},"mobile":{"background-color":"var(--ast-global-color-5)","background-image":"","background-repeat":"repeat","background-position":"center center","background-size":"auto","background-attachment":"scroll","background-type":"","background-media":"","overlay-type":"","overlay-color":"","overlay-opacity":"","overlay-gradient":""}},"footnotes":""},"class_list":["post-1448","page","type-page","status-publish","has-post-thumbnail","hentry"],"_links":{"self":[{"href":"https:\/\/erkelapartman.hu\/en\/wp-json\/wp\/v2\/pages\/1448","targetHints":{"allow":["GET"]}}],"collection":[{"href":"https:\/\/erkelapartman.hu\/en\/wp-json\/wp\/v2\/pages"}],"about":[{"href":"https:\/\/erkelapartman.hu\/en\/wp-json\/wp\/v2\/types\/page"}],"author":[{"embeddable":true,"href":"https:\/\/erkelapartman.hu\/en\/wp-json\/wp\/v2\/users\/1"}],"replies":[{"embeddable":true,"href":"https:\/\/erkelapartman.hu\/en\/wp-json\/wp\/v2\/comments?post=1448"}],"version-history":[{"count":365,"href":"https:\/\/erkelapartman.hu\/en\/wp-json\/wp\/v2\/pages\/1448\/revisions"}],"predecessor-version":[{"id":3803,"href":"https:\/\/erkelapartman.hu\/en\/wp-json\/wp\/v2\/pages\/1448\/revisions\/3803"}],"wp:featuredmedia":[{"embeddable":true,"href":"https:\/\/erkelapartman.hu\/en\/wp-json\/wp\/v2\/media\/3687"}],"wp:attachment":[{"href":"https:\/\/erkelapartman.hu\/en\/wp-json\/wp\/v2\/media?parent=1448"}],"curies":[{"name":"wp","href":"https:\/\/api.w.org\/{rel}","templated":true}]}}